{"id":3210,"date":"2025-08-08T20:56:31","date_gmt":"2025-08-08T19:56:31","guid":{"rendered":"http:\/\/localhost\/wordpress\/?page_id=3210"},"modified":"2025-10-13T16:58:58","modified_gmt":"2025-10-13T15:58:58","slug":"ft-association","status":"publish","type":"page","link":"https:\/\/fasttube.de\/de\/ft-association\/","title":{"rendered":"FT F\u00f6rderverein"},"content":{"rendered":"<div class=\"wp-block-uagb-container uagb-layout-grid uagb-block-e63185fe alignfull uagb-is-root-container\"><div class=\"uagb-container-inner-blocks-wrap\">\n<div class=\"wp-block-uagb-container uagb-block-68c1938e\">\n<div class=\"wp-block-uagb-advanced-heading uagb-block-dc596ad0 uag-hide-tab uag-hide-mob\"><div class=\"uagb-separator\"><\/div><h6 class=\"uagb-heading-text\">Your Attractive Heading<\/h6><\/div>\n<\/div>\n\n\n\n<div class=\"wp-block-uagb-container uagb-block-34cf57b7\">\n<div class=\"wp-block-uagb-advanced-heading uagb-block-a35c568f\"><h1 class=\"uagb-heading-text\">Der FT F\u00f6rderverein<\/h1><\/div>\n<\/div>\n<\/div><\/div>\n\n\n\n<div class=\"wp-block-uagb-container uagb-layout-grid uagb-block-48138d5d alignfull uagb-is-root-container\"><div class=\"uagb-container-inner-blocks-wrap\">\n<div class=\"wp-block-uagb-info-box uagb-block-50850c90 uagb-infobox__content-wrap  uagb-infobox-icon-above-title uagb-infobox-image-valign-top wp-block-uagb-info-box--has-margin\"><div class=\"uagb-infobox-margin-wrapper\"><div class=\"uagb-ifb-content\"><div class=\"uagb-ifb-title-wrap\"><h6 class=\"uagb-ifb-title-prefix\">01<\/h6><h5 class=\"uagb-ifb-title\">Sinn der Sache<\/h5><\/div><\/div><\/div><\/div>\n\n\n\n<div class=\"wp-block-uagb-container uagb-block-e3f4d614\">\n<div class=\"wp-block-uagb-container uagb-block-b9f89919\">\n<div class=\"wp-block-uagb-advanced-heading uagb-block-e4b86907\"><h3 class=\"uagb-heading-text\">Unsere Mission<\/h3><\/div>\n<\/div>\n\n\n\n<p class=\"has-ast-global-color-2-color has-text-color has-link-color wp-elements-51546132848b0dcd1d7e6fb06fcdba83\">Der \u201eF\u00f6rderverein FaSTTUBe e.V.\u201c wurde am 14. Dezember 2024 von ehemaligen Teammitgliedern offiziell gegr\u00fcndet und hat sich der Unterst\u00fctzung von FaSTTUBe und der F\u00f6rderung der Ausbildung in den Bereichen Ingenieurwesen und Motorsportmanagement verschrieben.<\/p>\n\n\n\n<p class=\"has-ast-global-color-2-color has-text-color has-link-color wp-elements-0ff4ad9274bfb22fe23d76d2bb0dc484\">Unsere Mission ist es, junge Talente zu f\u00f6rdern, indem wir ihnen die Ressourcen, das Wissen und die M\u00f6glichkeiten bieten, die sie f\u00fcr ihren akademischen und beruflichen Erfolg ben\u00f6tigen. Durch gezielte Unterst\u00fctzung wollen wir die Kluft zwischen Theorie und Praxis \u00fcberbr\u00fccken und die n\u00e4chste Generation von Ingenieuren, Innovatoren und Motorsportbegeisterten inspirieren.<\/p>\n<\/div>\n<\/div><\/div>\n\n\n\n<div class=\"wp-block-uagb-container uagb-layout-grid uagb-block-36803474 alignfull uagb-is-root-container\"><div class=\"uagb-container-inner-blocks-wrap\">\n<div class=\"wp-block-uagb-info-box uagb-block-6d8f7d2c uagb-infobox__content-wrap  uagb-infobox-icon-above-title uagb-infobox-image-valign-top wp-block-uagb-info-box--has-margin\"><div class=\"uagb-infobox-margin-wrapper\"><div class=\"uagb-ifb-content\"><div class=\"uagb-ifb-title-wrap\"><h6 class=\"uagb-ifb-title-prefix\">02<\/h6><h5 class=\"uagb-ifb-title\">Actions<\/h5><\/div><\/div><\/div><\/div>\n\n\n\n<div class=\"wp-block-uagb-container uagb-block-ac6d4077\">\n<div class=\"wp-block-uagb-container uagb-block-b3d3490b\">\n<div class=\"wp-block-uagb-advanced-heading uagb-block-1faae944\"><h3 class=\"uagb-heading-text\">Wie wir FaSTTUBe unterst\u00fctzen<\/h3><\/div>\n<\/div>\n\n\n\n<p class=\"has-ast-global-color-2-color has-text-color has-link-color wp-elements-3f970f6d07907f6f4a64678948f77033\">Der \u201eF\u00f6rderverein FaSTTUBe e.V.\u201c ist ein eingetragener gemeinn\u00fctziger Verein, der sich aktiv f\u00fcr die St\u00e4rkung des Teams und der Mitglieder von FaSTTUBe durch finanzielle Unterst\u00fctzung, Mentoring und Branchenkontakte einsetzt.<\/p>\n\n\n\n<p class=\"has-ast-global-color-2-color has-text-color has-link-color wp-elements-31d19904934ecdad3633e77f4124f5ec\">Die Vereinigung verfolgt folgende Ziele:<\/p>\n\n\n\n<ul class=\"wp-block-list has-ast-global-color-2-color has-text-color has-link-color wp-elements-0c9a702ba269df0744301bf1190069c0\">\n<li>F\u00f6rderung von Bildung, Wissenschaft und Forschung im studentischen Motorsport<\/li>\n\n\n\n<li>Teilnahme an Technologie- und Pers\u00f6nlichkeitsentwicklungsprojekten mit FaSTTUBe<\/li>\n\n\n\n<li>Finanzierung langfristiger Investitionen zur Erreichung der \u00fcbergeordneten Ziele des Teams<\/li>\n\n\n\n<li>Vernetzung aktueller Teammitglieder mit erfahrenen Alumni und Industriepartnern<\/li>\n\n\n\n<li>Organisation von Veranstaltungen zum Wissensaustausch, um den Teamgeist in der Formula Student zu st\u00e4rken<\/li>\n<\/ul>\n\n\n\n<p><\/p>\n\n\n\n<p class=\"has-ast-global-color-2-color has-text-color has-link-color wp-elements-7f1ff82bd6beccd503e270d94404fc7b\">Durch die F\u00f6rderung enger Verbindungen zwischen Alumni, Industrie und Team stellt die Stiftung sicher, dass FaSTTUBe eine Plattform bleibt, auf der Studenten die Grenzen des Ingenieurwesens und des Motorsports erweitern k\u00f6nnen.<\/p>\n<\/div>\n<\/div><\/div>\n\n\n\n<div class=\"wp-block-uagb-container uagb-layout-grid uagb-block-c04c1a57 alignfull uagb-is-root-container\"><div class=\"uagb-container-inner-blocks-wrap\">\n<div class=\"wp-block-uagb-info-box uagb-block-5319a8d1 uagb-infobox__content-wrap  uagb-infobox-icon-above-title uagb-infobox-image-valign-top wp-block-uagb-info-box--has-margin\"><div class=\"uagb-infobox-margin-wrapper\"><div class=\"uagb-ifb-content\"><div class=\"uagb-ifb-title-wrap\"><h6 class=\"uagb-ifb-title-prefix\">03<\/h6><h5 class=\"uagb-ifb-title\">Mitmachen<\/h5><\/div><\/div><\/div><\/div>\n\n\n\n<div class=\"wp-block-uagb-container uagb-block-190620ed\">\n<div class=\"wp-block-uagb-container uagb-block-8b85b590\">\n<div class=\"wp-block-uagb-advanced-heading uagb-block-d360bb12\"><h3 class=\"uagb-heading-text\">Werde ein Freund von FaSTTUBe<\/h3><\/div>\n\n\n\n<div class=\"wp-block-buttons is-content-justification-right is-layout-flex wp-container-core-buttons-is-layout-d445cf74 wp-block-buttons-is-layout-flex\">\n<div class=\"wp-block-button\"><a class=\"wp-block-button__link wp-element-button\" href=\"https:\/\/fv.fasttube.de\/join.html\" target=\"_blank\" rel=\"noopener noreferrer nofollow\">MITMACHEN<\/a><\/div>\n<\/div>\n<\/div>\n\n\n\n<p class=\"has-ast-global-color-2-color has-text-color has-link-color wp-elements-e9a419ae798a089d7f011358bb25a638\">Wer der FaSTTUBe Foundation beitritt, wird Teil eines leidenschaftlichen Netzwerks, das an Bildung, Innovation und Geschwindigkeit glaubt.<\/p>\n\n\n\n<div class=\"wp-block-group is-layout-constrained wp-block-group-is-layout-constrained\">\n<p class=\"has-ast-global-color-2-color has-text-color has-link-color wp-elements-e792244f0fcea3ecdafe694d78fc5c30\">Als Mitglied wird dir folgendes Geboten:<\/p>\n\n\n\n<ul class=\"wp-block-list has-ast-global-color-2-color has-text-color has-link-color wp-elements-f501036cfad6f4dc9554744fa5bff1f5\">\n<li>Bleibe in Verbindung mit dem Team und Classics<\/li>\n\n\n\n<li>Erhalte exklusive Updates und Einsichten<\/li>\n\n\n\n<li>Werde zu speziellen Events und Networkings eingeladen.<\/li>\n\n\n\n<li>Schmiede die Zukunft von FaSTTUBe<\/li>\n<\/ul>\n<\/div>\n\n\n\n<div class=\"wp-block-group is-layout-constrained wp-block-group-is-layout-constrained\" style=\"margin-top:var(--wp--preset--spacing--30);margin-bottom:var(--wp--preset--spacing--30)\">\n<p><\/p>\n\n\n\n<p class=\"has-ast-global-color-2-color has-text-color has-link-color wp-elements-ddf5c5d44c291505ea61552167c58f46\">Mitglied werden ist einfach, es bedarf nur einer handvoll Dinge:<\/p>\n\n\n\n<ul class=\"wp-block-list has-ast-global-color-2-color has-text-color has-link-color wp-elements-ac0c376934db4a86734a600073d015c6\">\n<li>Anmeldung entweder online oder auf unserer j\u00e4hrlichen Generalversammlung<\/li>\n\n\n\n<li>Ein j\u00e4hrlicher Mitgliedsbeitrag von mindestens:\n<ul class=\"wp-block-list has-ast-global-color-2-color has-text-color has-link-color wp-elements-cbbfa3308c5773c168dbebd800153449\">\n<li>100\u20ac \/ Jahr f\u00fcr die regul\u00e4re Vollmitgliedschaft<\/li>\n\n\n\n<li>50 \u20ac \/ Jahr f\u00fcr Studenten mit Vollmitgliedschaft<\/li>\n\n\n\n<li>50 \u20ac \/ Jahr f\u00fcr Unterst\u00fctzer<\/li>\n<\/ul>\n<\/li>\n\n\n\n<li>F\u00fcr Vollmitglieder: Teilnahme nach besten Kr\u00e4ften an Aktivit\u00e4ten und Veranstaltungen der FT Association.<\/li>\n<\/ul>\n<\/div>\n\n\n\n<p class=\"has-ast-global-color-2-color has-text-color has-link-color wp-elements-90e984b1936cdb2fd129b008cbe7c1a7\" style=\"margin-top:var(--wp--preset--spacing--60);margin-bottom:var(--wp--preset--spacing--60)\">Ob ein ehemaliges FaSTTUBe Mitglied, Motorsport-Enthusiast oder einfach nur ein leidenschaftlicher Talentf\u00f6rderer \u2013 Deine Mitgliedschaft macht einen Unterschied. <br><\/p>\n\n\n\n<p class=\"has-ast-global-color-2-color has-text-color has-link-color wp-elements-368e0d5bf8acdbc74ca250595bb0fa41\">Wenn Du an einem detaillierteren Einblick in unsere Preisgestaltung interessiert bist, kannst du hier mehr erfahren: <a href=\"https:\/\/fv.fasttube.de\/docs\/Geb%C3%BChrenordnung%20F%C3%B6rderverein%20FaSTTUBe%20e.V..pdf\" target=\"_blank\" rel=\"noopener noreferrer nofollow\">Geb\u00fchrenordnung<\/a>.<\/p>\n<\/div>\n<\/div><\/div>\n\n\n\n<div class=\"wp-block-uagb-container uagb-layout-grid uagb-block-fdc16868 alignfull uagb-is-root-container\"><div class=\"uagb-container-inner-blocks-wrap\">\n<div class=\"wp-block-uagb-info-box uagb-block-22214d3f uagb-infobox__content-wrap  uagb-infobox-icon-above-title uagb-infobox-image-valign-top wp-block-uagb-info-box--has-margin\"><div class=\"uagb-infobox-margin-wrapper\"><div class=\"uagb-ifb-content\"><div class=\"uagb-ifb-title-wrap\"><h6 class=\"uagb-ifb-title-prefix\">04<\/h6><h5 class=\"uagb-ifb-title\">Help Out<\/h5><\/div><\/div><\/div><\/div>\n\n\n\n<div class=\"wp-block-uagb-container uagb-block-f6322d69\">\n<div class=\"wp-block-uagb-container uagb-block-e9403a44\">\n<div class=\"wp-block-uagb-advanced-heading uagb-block-d95ebdc5\"><h3 class=\"uagb-heading-text\">Spende<\/h3><\/div>\n\n\n\n<div class=\"wp-block-buttons is-content-justification-right is-layout-flex wp-container-core-buttons-is-layout-d445cf74 wp-block-buttons-is-layout-flex\">\n<div class=\"wp-block-button\"><a class=\"wp-block-button__link wp-element-button\" href=\"https:\/\/fv.fasttube.de\/\" target=\"_blank\" rel=\"noopener noreferrer nofollow\">Jetzt Spenden<\/a><\/div>\n<\/div>\n<\/div>\n\n\n\n<p class=\"has-ast-global-color-2-color has-text-color has-link-color wp-elements-6b855a0b22f26587342358cc11cc87b2\">Your donation to the FaSTTUBe Foundation directly fuels education, innovation, and competition.<br>Jeder Beitrag \u2013 ob gro\u00df oder klein \u2013 hilft den Studierenden dabei, ihre Vision zu entwerfen, zu bauen und in die Realit\u00e4t umzusetzen.<\/p>\n\n\n\n<p class=\"has-ast-global-color-2-color has-text-color has-link-color wp-elements-85fcc6b0eb19ecc3becf5b758ca54f37\">Mit deinem Support k\u00f6nnen wir:<\/p>\n\n\n\n<ul class=\"wp-block-list has-ast-global-color-2-color has-text-color has-link-color wp-elements-079432626eed958d3b75d1d22bdeb76a\">\n<li>Fund critical machinery, equipment and testing opportunities.<\/li>\n\n\n\n<li>Provide training and workshops.<\/li>\n\n\n\n<li>Open doors for students to compete on an international stage.<\/li>\n<\/ul>\n\n\n\n<p class=\"has-ast-global-color-2-color has-text-color has-link-color wp-elements-caba2dd302377983091eacd66c010de5\" style=\"margin-top:var(--wp--preset--spacing--60);margin-bottom:var(--wp--preset--spacing--60)\">Help us keep the spirit of FaSTTUBe alive.<br><strong>Donate today and invest in the engineers of tomorrow.<\/strong><\/p>\n<\/div>\n<\/div><\/div>","protected":false},"excerpt":{"rendered":"<p>Your Attractive Heading The FT Association Our Mission The &#8220;F\u00f6rderverein FaSTTUBe e.V.&#8221;, officially established on December 14th, 2024 by former team members, is dedicated to supporting FaSTTUBe and advancing education in engineering and motorsport management. Our mission is to empower young talents by providing them with the resources, knowledge, and opportunities they need to excel\u2014both [&hellip;]<\/p>\n","protected":false},"author":2,"featured_media":0,"parent":0,"menu_order":8,"comment_status":"closed","ping_status":"closed","template":"","meta":{"_surecart_dashboard_logo_width":"180px","_surecart_dashboard_show_logo":true,"_surecart_dashboard_navigation_orders":true,"_surecart_dashboard_navigation_invoices":true,"_surecart_dashboard_navigation_subscriptions":true,"_surecart_dashboard_navigation_downloads":true,"_surecart_dashboard_navigation_billing":true,"_surecart_dashboard_navigation_account":true,"_uag_custom_page_level_css":"","site-sidebar-layout":"default","site-content-layout":"","ast-site-content-layout":"default","site-content-style":"default","site-sidebar-style":"default","ast-global-header-display":"","ast-banner-title-visibility":"","ast-main-header-display":"","ast-hfb-above-header-display":"","ast-hfb-below-header-display":"","ast-hfb-mobile-header-display":"","site-post-title":"","ast-breadcrumbs-content":"","ast-featured-img":"","footer-sml-layout":"","ast-disable-related-posts":"","theme-transparent-header-meta":"","adv-header-id-meta":"","stick-header-meta":"","header-above-stick-meta":"","header-main-stick-meta":"","header-below-stick-meta":"","astra-migrate-meta-layouts":"set","ast-page-background-enabled":"default","ast-page-background-meta":{"desktop":{"background-color":"var(--ast-global-color-4)","background-image":"","background-repeat":"repeat","background-position":"center center","background-size":"auto","background-attachment":"scroll","background-type":"","background-media":"","overlay-type":"","overlay-color":"","overlay-opacity":"","overlay-gradient":""},"tablet":{"background-color":"","background-image":"","background-repeat":"repeat","background-position":"center center","background-size":"auto","background-attachment":"scroll","background-type":"","background-media":"","overlay-type":"","overlay-color":"","overlay-opacity":"","overlay-gradient":""},"mobile":{"background-color":"","background-image":"","background-repeat":"repeat","background-position":"center center","background-size":"auto","background-attachment":"scroll","background-type":"","background-media":"","overlay-type":"","overlay-color":"","overlay-opacity":"","overlay-gradient":""}},"ast-content-background-meta":{"desktop":{"background-color":"var(--ast-global-color-5)","background-image":"","background-repeat":"repeat","background-position":"center center","background-size":"auto","background-attachment":"scroll","background-type":"","background-media":"","overlay-type":"","overlay-color":"","overlay-opacity":"","overlay-gradient":""},"tablet":{"background-color":"var(--ast-global-color-5)","background-image":"","background-repeat":"repeat","background-position":"center center","background-size":"auto","background-attachment":"scroll","background-type":"","background-media":"","overlay-type":"","overlay-color":"","overlay-opacity":"","overlay-gradient":""},"mobile":{"background-color":"var(--ast-global-color-5)","background-image":"","background-repeat":"repeat","background-position":"center center","background-size":"auto","background-attachment":"scroll","background-type":"","background-media":"","overlay-type":"","overlay-color":"","overlay-opacity":"","overlay-gradient":""}},"footnotes":""},"class_list":["post-3210","page","type-page","status-publish","hentry"],"uagb_featured_image_src":{"full":false,"thumbnail":false,"medium":false,"medium_large":false,"large":false,"1536x1536":false,"2048x2048":false,"trp-custom-language-flag":false},"uagb_author_info":{"display_name":"John Weise","author_link":"https:\/\/fasttube.de\/de\/author\/j-weise\/"},"uagb_comment_info":0,"uagb_excerpt":"Your Attractive Heading The FT Association Our Mission The &#8220;F\u00f6rderverein FaSTTUBe e.V.&#8221;, officially established on December 14th, 2024 by former team members, is dedicated to supporting FaSTTUBe and advancing education in engineering and motorsport management. Our mission is to empower young talents by providing them with the resources, knowledge, and opportunities they need to excel\u2014both&hellip;","_links":{"self":[{"href":"https:\/\/fasttube.de\/de\/wp-json\/wp\/v2\/pages\/3210","targetHints":{"allow":["GET"]}}],"collection":[{"href":"https:\/\/fasttube.de\/de\/wp-json\/wp\/v2\/pages"}],"about":[{"href":"https:\/\/fasttube.de\/de\/wp-json\/wp\/v2\/types\/page"}],"author":[{"embeddable":true,"href":"https:\/\/fasttube.de\/de\/wp-json\/wp\/v2\/users\/2"}],"replies":[{"embeddable":true,"href":"https:\/\/fasttube.de\/de\/wp-json\/wp\/v2\/comments?post=3210"}],"version-history":[{"count":0,"href":"https:\/\/fasttube.de\/de\/wp-json\/wp\/v2\/pages\/3210\/revisions"}],"wp:attachment":[{"href":"https:\/\/fasttube.de\/de\/wp-json\/wp\/v2\/media?parent=3210"}],"curies":[{"name":"wp","href":"https:\/\/api.w.org\/{rel}","templated":true}]}}