{"id":3199,"date":"2025-08-08T19:56:21","date_gmt":"2025-08-08T18:56:21","guid":{"rendered":"http:\/\/localhost\/wordpress\/?page_id=3199"},"modified":"2026-01-19T17:05:50","modified_gmt":"2026-01-19T16:05:50","slug":"join-us","status":"publish","type":"page","link":"https:\/\/fasttube.de\/de\/join-us\/","title":{"rendered":"Mitmachen"},"content":{"rendered":"<div class=\"wp-block-uagb-container uagb-layout-grid uagb-block-e63185fe alignfull uagb-is-root-container\"><div class=\"uagb-container-inner-blocks-wrap\">\n<div class=\"wp-block-uagb-container uagb-block-68c1938e\">\n<div class=\"wp-block-uagb-advanced-heading uagb-block-dc596ad0 uag-hide-tab uag-hide-mob\"><div class=\"uagb-separator\"><\/div><h6 class=\"uagb-heading-text\">Your Attractive Heading<\/h6><\/div>\n<\/div>\n\n\n\n<div class=\"wp-block-uagb-container uagb-block-34cf57b7\">\n<div class=\"wp-block-uagb-advanced-heading uagb-block-a35c568f\"><h1 class=\"uagb-heading-text\">Mitmachen<\/h1><\/div>\n<\/div>\n<\/div><\/div>\n\n\n\n<div class=\"wp-block-uagb-container uagb-layout-grid uagb-block-3a3d8e5f alignfull uagb-is-root-container\"><div class=\"uagb-container-inner-blocks-wrap\">\n<div class=\"wp-block-uagb-info-box uagb-block-63ebbdac uagb-infobox__content-wrap  uagb-infobox-icon-above-title uagb-infobox-image-valign-top wp-block-uagb-info-box--has-margin\"><div class=\"uagb-infobox-margin-wrapper\"><div class=\"uagb-ifb-content\"><div class=\"uagb-ifb-title-wrap\"><h6 class=\"uagb-ifb-title-prefix\">01<\/h6><h5 class=\"uagb-ifb-title\">F\u00fcr Studenten<\/h5><\/div><\/div><\/div><\/div>\n\n\n\n<div class=\"wp-block-uagb-container uagb-block-e21d34c1\">\n<div class=\"wp-block-uagb-container uagb-block-4d0db538\">\n<div class=\"wp-block-uagb-advanced-heading uagb-block-c5c2a015\"><h3 class=\"uagb-heading-text\">Komm zu uns<\/h3><\/div>\n\n\n\n<div class=\"wp-block-buttons is-content-justification-right is-layout-flex wp-container-core-buttons-is-layout-d445cf74 wp-block-buttons-is-layout-flex\">\n<div class=\"wp-block-button\"><a class=\"wp-block-button__link wp-element-button\" href=\"#application-section\">JETZT BEWERBEN<\/a><\/div>\n<\/div>\n<\/div>\n\n\n\n<p class=\"has-ast-global-color-2-color has-text-color has-link-color wp-elements-a2940734f47472d40859eec66e9b865e\">M\u00f6chtest du deine F\u00e4higkeiten auf die Probe stellen und etwas bauen, das sich tats\u00e4chlich bewegt? Bei FaSTTUBe kommen Studierende aller Fachrichtungen zusammen, um ein elektrisches Formelauto von Grund auf zu entwerfen, zu bauen und damit Rennen zu fahren.<\/p>\n\n\n\n<p class=\"has-ast-global-color-2-color has-text-color has-link-color wp-elements-3e55c30d0b66c31d7cb4d36a2e2cad69\">Egal, ob du dich f\u00fcr Ingenieurwesen, Design, Wirtschaft oder Projektmanagement interessierst \u2013 in unserem Team ist der richtige Platz f\u00fcr dich. Du sammelst praktische Erfahrungen, entwickelst praktische F\u00e4higkeiten und arbeitest in einem leidenschaftlichen, unterst\u00fctzenden Umfeld, in dem jeder Beitrag z\u00e4hlt.<\/p>\n\n\n\n<p class=\"has-ast-global-color-2-color has-text-color has-link-color wp-elements-7826155b47652f37076fe0605a2c45b5\"><strong>Komm' zu uns und werden Teil des spannendsten Studierendenprojekts Berlins.<\/strong><\/p>\n<\/div>\n<\/div><\/div>\n\n\n\n<div class=\"wp-block-uagb-container uagb-layout-grid uagb-block-9dc5909e alignfull uagb-is-root-container\"><div class=\"uagb-container-inner-blocks-wrap\">\n<div class=\"wp-block-uagb-info-box uagb-block-00616a8e uagb-infobox__content-wrap  uagb-infobox-icon-above-title uagb-infobox-image-valign-top wp-block-uagb-info-box--has-margin\"><div class=\"uagb-infobox-margin-wrapper\"><div class=\"uagb-ifb-content\"><div class=\"uagb-ifb-title-wrap\"><h6 class=\"uagb-ifb-title-prefix\">02<\/h6><h5 class=\"uagb-ifb-title\">Studienbereiche<\/h5><\/div><\/div><\/div><\/div>\n\n\n\n<div class=\"wp-block-uagb-container uagb-block-42aaa797\">\n<div class=\"wp-block-uagb-container uagb-block-50e375fa\">\n<div class=\"wp-block-uagb-advanced-heading uagb-block-2bd273a2\"><h3 class=\"uagb-heading-text\">Ist Formula Student das richtige f\u00fcr dich?<\/h3><\/div>\n<\/div>\n\n\n\n<p class=\"has-ast-global-color-2-color has-text-color has-link-color wp-elements-3867e377fbd92635d2558eec6ae93338\">Formula Student ist nicht nur etwas f\u00fcr Maschinenbau- oder Elektroingenieure \u2013 es ist ein Spielplatz f\u00fcr Talente aller Art. <\/p>\n\n\n\n<p class=\"has-ast-global-color-2-color has-text-color has-link-color wp-elements-b0ec909f88e60847c5358af04a57cf09\">Egal, ob du Erfahrung mit Design, in der Informatik, in der Betriebswirtschaft oder mit Medien hast \u2013 bei uns findest du einen Ort, der deinen F\u00e4higkeiten entspricht und dich zu weiteren Entwicklungen anspornt. Studierende der Ingenieurwissenschaften, Mechatronik und Informatik arbeiten in Bereichen wie Fahrzeugdesign, Simulation, Elektronik und Softwareentwicklung. <\/p>\n\n\n\n<p class=\"has-ast-global-color-2-color has-text-color has-link-color wp-elements-4be9d3221a16ba24e9562bcd088cbc03\">Aber auch Menschen mit Erfahrung oder Hobbys in den Bereichen Mediendesign, Fotografie, Videobearbeitung oder Social-Media-Management sind gefragt und pr\u00e4gen das Image und die Reichweite des Teams. Auch durch Nebenjobs erworbene F\u00e4higkeiten \u2013 etwa in Projektkoordination, Marketing oder Handwerk \u2013 sind wertvoll. Wenn du motiviert bist zu lernen, gerne im Team arbeitest und deine Leidenschaft weiterentwickeln m\u00f6chtest, bist du bei der Formula Student genau richtig.<\/p>\n\n\n\n<p class=\"has-ast-global-color-2-color has-text-color has-link-color wp-elements-4f95d572d75dbdba0c32f137b1733987\">Wenn du auf Jobsuche bist sollte dir dies bewusst sein: <strong>Die Mitgliedschaft in Formula Student Teams ist Unentgeldlich.<\/strong>Der Zeit- und Arbeitsaufwand wird nicht finanziell belohnt, sondern durch eine F\u00fclle neu erworbener Erfahrungen, Kenntnisse und den Zugang zu einem gut vernetzten Netzwerk in der Ingenieurbranche. <\/p>\n<\/div>\n<\/div><\/div>\n\n\n\n<div class=\"wp-block-uagb-container uagb-layout-grid uagb-block-a0135915 alignfull uagb-is-root-container\"><div class=\"uagb-container-inner-blocks-wrap\">\n<div class=\"wp-block-uagb-info-box uagb-block-a2208bfe uagb-infobox__content-wrap  uagb-infobox-icon-above-title uagb-infobox-image-valign-top wp-block-uagb-info-box--has-margin\"><div class=\"uagb-infobox-margin-wrapper\"><div class=\"uagb-ifb-content\"><div class=\"uagb-ifb-title-wrap\"><h6 class=\"uagb-ifb-title-prefix\">03<\/h6><h5 class=\"uagb-ifb-title\">Nur einen Click entfernt<\/h5><\/div><\/div><\/div><\/div>\n\n\n\n<div class=\"wp-block-uagb-container uagb-block-c1be81e7\">\n<div class=\"wp-block-uagb-container uagb-block-d12e957a\">\n<div class=\"wp-block-uagb-advanced-heading uagb-block-90eda3a7\" id=\"application-section\"><h3 class=\"uagb-heading-text\">Jetzt Bewerben!<\/h3><\/div>\n\n\n\n\n\n<div class=\"wp-block-uagb-advanced-heading uagb-block-9089c496\"><h5 class=\"uagb-heading-text\"><strong>Deine Daten werden vertraulich behandelt und dienen ausschlie\u00dflich der Personalbearbeitung<\/strong>.<\/h5><\/div>\n\n\n\n<div class=\"wp-block-uagb-container uagb-block-c1491598\"><p><!-- BEGIN Podio web form --><br \/>\n<script src=\"https:\/\/podio.com\/webforms\/8201644\/613665.js\"><\/script><br \/>\n<script type=\"text\/javascript\">\n  _podioWebForm.render(\"613665\")\n<\/script><br \/>\n<noscript><br \/>\n  <a href=\"https:\/\/podio.com\/webforms\/8201644\/613665\" target=\"_blank\" rel=\"noopener noreferrer nofollow\">Please fill out the form<\/a><br \/>\n<\/noscript><br \/>\n<!-- END Podio web form --><\/p>\n<\/div>\n<\/div>\n<\/div>\n<\/div><\/div>","protected":false},"excerpt":{"rendered":"<p>Your Attractive Heading Join Us Join The Team Want to put your skills to the test and build something that actually moves? At FaSTTUBe, students from all disciplines come together to design, build, and race an electric formula car from scratch. Whether you&#8217;re into engineering, design, business, or project management\u2014there\u2019s a place for you in [&hellip;]<\/p>\n","protected":false},"author":2,"featured_media":0,"parent":0,"menu_order":6,"comment_status":"closed","ping_status":"closed","template":"","meta":{"_surecart_dashboard_logo_width":"180px","_surecart_dashboard_show_logo":true,"_surecart_dashboard_navigation_orders":true,"_surecart_dashboard_navigation_invoices":true,"_surecart_dashboard_navigation_subscriptions":true,"_surecart_dashboard_navigation_downloads":true,"_surecart_dashboard_navigation_billing":true,"_surecart_dashboard_navigation_account":true,"_uag_custom_page_level_css":"","site-sidebar-layout":"default","site-content-layout":"","ast-site-content-layout":"default","site-content-style":"default","site-sidebar-style":"default","ast-global-header-display":"","ast-banner-title-visibility":"","ast-main-header-display":"","ast-hfb-above-header-display":"","ast-hfb-below-header-display":"","ast-hfb-mobile-header-display":"","site-post-title":"","ast-breadcrumbs-content":"","ast-featured-img":"","footer-sml-layout":"","ast-disable-related-posts":"","theme-transparent-header-meta":"","adv-header-id-meta":"","stick-header-meta":"","header-above-stick-meta":"","header-main-stick-meta":"","header-below-stick-meta":"","astra-migrate-meta-layouts":"set","ast-page-background-enabled":"default","ast-page-background-meta":{"desktop":{"background-color":"var(--ast-global-color-4)","background-image":"","background-repeat":"repeat","background-position":"center center","background-size":"auto","background-attachment":"scroll","background-type":"","background-media":"","overlay-type":"","overlay-color":"","overlay-opacity":"","overlay-gradient":""},"tablet":{"background-color":"","background-image":"","background-repeat":"repeat","background-position":"center center","background-size":"auto","background-attachment":"scroll","background-type":"","background-media":"","overlay-type":"","overlay-color":"","overlay-opacity":"","overlay-gradient":""},"mobile":{"background-color":"","background-image":"","background-repeat":"repeat","background-position":"center center","background-size":"auto","background-attachment":"scroll","background-type":"","background-media":"","overlay-type":"","overlay-color":"","overlay-opacity":"","overlay-gradient":""}},"ast-content-background-meta":{"desktop":{"background-color":"var(--ast-global-color-5)","background-image":"","background-repeat":"repeat","background-position":"center center","background-size":"auto","background-attachment":"scroll","background-type":"","background-media":"","overlay-type":"","overlay-color":"","overlay-opacity":"","overlay-gradient":""},"tablet":{"background-color":"var(--ast-global-color-5)","background-image":"","background-repeat":"repeat","background-position":"center center","background-size":"auto","background-attachment":"scroll","background-type":"","background-media":"","overlay-type":"","overlay-color":"","overlay-opacity":"","overlay-gradient":""},"mobile":{"background-color":"var(--ast-global-color-5)","background-image":"","background-repeat":"repeat","background-position":"center center","background-size":"auto","background-attachment":"scroll","background-type":"","background-media":"","overlay-type":"","overlay-color":"","overlay-opacity":"","overlay-gradient":""}},"footnotes":""},"class_list":["post-3199","page","type-page","status-publish","hentry"],"uagb_featured_image_src":{"full":false,"thumbnail":false,"medium":false,"medium_large":false,"large":false,"1536x1536":false,"2048x2048":false,"trp-custom-language-flag":false},"uagb_author_info":{"display_name":"John Weise","author_link":"https:\/\/fasttube.de\/de\/author\/j-weise\/"},"uagb_comment_info":0,"uagb_excerpt":"Your Attractive Heading Join Us Join The Team Want to put your skills to the test and build something that actually moves? At FaSTTUBe, students from all disciplines come together to design, build, and race an electric formula car from scratch. Whether you&#8217;re into engineering, design, business, or project management\u2014there\u2019s a place for you in&hellip;","_links":{"self":[{"href":"https:\/\/fasttube.de\/de\/wp-json\/wp\/v2\/pages\/3199","targetHints":{"allow":["GET"]}}],"collection":[{"href":"https:\/\/fasttube.de\/de\/wp-json\/wp\/v2\/pages"}],"about":[{"href":"https:\/\/fasttube.de\/de\/wp-json\/wp\/v2\/types\/page"}],"author":[{"embeddable":true,"href":"https:\/\/fasttube.de\/de\/wp-json\/wp\/v2\/users\/2"}],"replies":[{"embeddable":true,"href":"https:\/\/fasttube.de\/de\/wp-json\/wp\/v2\/comments?post=3199"}],"version-history":[{"count":1,"href":"https:\/\/fasttube.de\/de\/wp-json\/wp\/v2\/pages\/3199\/revisions"}],"predecessor-version":[{"id":4051,"href":"https:\/\/fasttube.de\/de\/wp-json\/wp\/v2\/pages\/3199\/revisions\/4051"}],"wp:attachment":[{"href":"https:\/\/fasttube.de\/de\/wp-json\/wp\/v2\/media?parent=3199"}],"curies":[{"name":"wp","href":"https:\/\/api.w.org\/{rel}","templated":true}]}}