{"id":3197,"date":"2025-08-08T19:55:24","date_gmt":"2025-08-08T18:55:24","guid":{"rendered":"http:\/\/localhost\/wordpress\/?page_id=3197"},"modified":"2026-03-02T17:35:02","modified_gmt":"2026-03-02T16:35:02","slug":"youth-work","status":"publish","type":"page","link":"https:\/\/fasttube.de\/de\/youth-work\/","title":{"rendered":"Jugendarbeit"},"content":{"rendered":"<div class=\"wp-block-uagb-container uagb-layout-grid uagb-block-e63185fe alignfull uagb-is-root-container\"><div class=\"uagb-container-inner-blocks-wrap\">\n<div class=\"wp-block-uagb-container uagb-block-68c1938e\">\n<div class=\"wp-block-uagb-advanced-heading uagb-block-dc596ad0 uag-hide-tab uag-hide-mob\"><div class=\"uagb-separator\"><\/div><h6 class=\"uagb-heading-text\">Your Attractive Heading<\/h6><\/div>\n<\/div>\n\n\n\n<div class=\"wp-block-uagb-container uagb-block-34cf57b7\">\n<div class=\"wp-block-uagb-advanced-heading uagb-block-a35c568f\"><h1 class=\"uagb-heading-text\">Jugendarbeit<\/h1><\/div>\n<\/div>\n<\/div><\/div>\n\n\n\n<div class=\"wp-block-uagb-container uagb-layout-grid uagb-block-48138d5d alignfull uagb-is-root-container\"><div class=\"uagb-container-inner-blocks-wrap\">\n<div class=\"wp-block-uagb-info-box uagb-block-50850c90 uagb-infobox__content-wrap  uagb-infobox-icon-above-title uagb-infobox-image-valign-top wp-block-uagb-info-box--has-margin\"><div class=\"uagb-infobox-margin-wrapper\"><div class=\"uagb-ifb-content\"><div class=\"uagb-ifb-title-wrap\"><h6 class=\"uagb-ifb-title-prefix\">01<\/h6><h5 class=\"uagb-ifb-title\">Learning By Doing<\/h5><\/div><\/div><\/div><\/div>\n\n\n\n<div class=\"wp-block-uagb-container uagb-block-e3f4d614\">\n<div class=\"wp-block-uagb-container uagb-block-8b85b590\">\n<div class=\"wp-block-uagb-advanced-heading uagb-block-d360bb12\"><h3 class=\"uagb-heading-text\">Sch\u00fclerpraktika<\/h3><\/div>\n\n\n\n<div class=\"wp-block-buttons is-content-justification-right is-layout-flex wp-container-core-buttons-is-layout-d445cf74 wp-block-buttons-is-layout-flex\">\n<div class=\"wp-block-button\"><a class=\"wp-block-button__link wp-element-button\" href=\"https:\/\/fasttube.de\/de\/join-us\/#application-section\">JETZT BEWERBEN<\/a><\/div>\n<\/div>\n<\/div>\n\n\n\n<p class=\"has-ast-global-color-2-color has-text-color has-link-color wp-elements-634875479c1e3a052d700b25dfdfb80f\">Unsere Ausbildungsprogramme bieten jungen Menschen einen direkten Einblick in Ingenieurwesen, Handwerk und Motorsportmanagement. Unter der Anleitung unseres Teams unterst\u00fctzen sie uns bei realen Werkstattarbeiten \u2013 sei es die Bearbeitung von Bauteilen, die Arbeit an Elektronik oder die Vorbereitung unseres Rennwagens f\u00fcr den Wettbewerb. Es ist eine Chance, neue F\u00e4higkeiten zu entdecken, Selbstvertrauen zu gewinnen und zu sehen, wie Theorie in der Praxis Anwendung findet.<\/p>\n<\/div>\n<\/div><\/div>\n\n\n\n<div class=\"wp-block-uagb-container uagb-layout-grid uagb-block-36803474 alignfull uagb-is-root-container\"><div class=\"uagb-container-inner-blocks-wrap\">\n<div class=\"wp-block-uagb-info-box uagb-block-6d8f7d2c uagb-infobox__content-wrap  uagb-infobox-icon-above-title uagb-infobox-image-valign-top wp-block-uagb-info-box--has-margin\"><div class=\"uagb-infobox-margin-wrapper\"><div class=\"uagb-ifb-content\"><div class=\"uagb-ifb-title-wrap\"><h6 class=\"uagb-ifb-title-prefix\">02<\/h6><h5 class=\"uagb-ifb-title\">Engineering Hautnah<\/h5><\/div><\/div><\/div><\/div>\n\n\n\n<div class=\"wp-block-uagb-container uagb-block-ac6d4077\">\n<div class=\"wp-block-uagb-container uagb-block-92766ada\">\n<div class=\"wp-block-uagb-advanced-heading uagb-block-e644f1aa\"><h3 class=\"uagb-heading-text\">Schulausfl\u00fcge &amp; Werkstatttouren<\/h3><\/div>\n\n\n\n<div class=\"wp-block-buttons is-content-justification-right is-layout-flex wp-container-core-buttons-is-layout-d445cf74 wp-block-buttons-is-layout-flex\">\n<div class=\"wp-block-button\"><a class=\"wp-block-button__link wp-element-button\" href=\"https:\/\/fasttube.de\/de\/contact\/\">KONTAKT<\/a><\/div>\n<\/div>\n<\/div>\n\n\n\n<p class=\"has-ast-global-color-2-color has-text-color has-link-color wp-elements-8524741705bbaf38d5e3f323e39a33f8\">Wir hei\u00dfen Schulgruppen in unserer Werkstatt herzlich willkommen und bieten ihnen die M\u00f6glichkeit, die Formula Student-Ingenieurskunst hautnah zu erleben. Auf diesen F\u00fchrungen erkunden die Sch\u00fcler jeden Schritt unseres Prozesses \u2013 von der Konstruktion und Fertigung \u00fcber die Tests bis hin zum Renneinsatz. Sie lernen das Team kennen, sehen die Werkzeuge im Einsatz und erfahren, wie verschiedene Fachbereiche zusammenarbeiten, um ein Rennauto vom Konzept bis zur Rennstrecke zu bringen.<\/p>\n<\/div>\n<\/div><\/div>\n\n\n\n<div class=\"wp-block-uagb-container uagb-layout-grid uagb-block-c04c1a57 alignfull uagb-is-root-container\"><div class=\"uagb-container-inner-blocks-wrap\">\n<div class=\"wp-block-uagb-info-box uagb-block-5319a8d1 uagb-infobox__content-wrap  uagb-infobox-icon-above-title uagb-infobox-image-valign-top wp-block-uagb-info-box--has-margin\"><div class=\"uagb-infobox-margin-wrapper\"><div class=\"uagb-ifb-content\"><div class=\"uagb-ifb-title-wrap\"><h6 class=\"uagb-ifb-title-prefix\">03<\/h6><h5 class=\"uagb-ifb-title\">Au\u00dfenkontakt<\/h5><\/div><\/div><\/div><\/div>\n\n\n\n<div class=\"wp-block-uagb-container uagb-block-190620ed\">\n<div class=\"wp-block-uagb-container uagb-block-99985ab9\">\n<div class=\"wp-block-uagb-advanced-heading uagb-block-3b863207\"><h3 class=\"uagb-heading-text\">Motorsport kommt zu Euch<\/h3><\/div>\n\n\n\n<div class=\"wp-block-buttons is-content-justification-right is-layout-flex wp-container-core-buttons-is-layout-d445cf74 wp-block-buttons-is-layout-flex\">\n<div class=\"wp-block-button\"><a class=\"wp-block-button__link wp-element-button\" href=\"https:\/\/fasttube.de\/de\/contact\/\">KONTAKT<\/a><\/div>\n<\/div>\n<\/div>\n\n\n\n<p class=\"has-ast-global-color-2-color has-text-color has-link-color wp-elements-cda3829e31132c80d84648a60585602b\">\u00dcber unsere Workshops hinaus bringen wir die Welt von FaSTTUBe in Klassenzimmer und auf Veranstaltungen. In Interviews, Pr\u00e4sentationen und Fragerunden teilen wir unsere Erfahrungen, Herausforderungen und Erfolge mit jungen Menschen. Unser Ziel ist es, zu zeigen, dass Ingenieurwesen und Motorsport keine fernen Tr\u00e4ume sind \u2013 sondern spannende M\u00f6glichkeiten f\u00fcr jeden mit Neugier und Ehrgeiz.<\/p>\n<\/div>\n<\/div><\/div>","protected":false},"excerpt":{"rendered":"<p>Your Attractive Heading Youth Work Pupil Apprenticeships Our pupil apprenticeships give young people a direct taste of engineering, craftsmanship, and motorsport management. Under the guidance of our team, they assist in real workshop tasks\u2014whether it\u2019s machining components, working on electronics, or helping prepare our race car for competition. It\u2019s a chance to discover new skills, [&hellip;]<\/p>\n","protected":false},"author":2,"featured_media":0,"parent":0,"menu_order":7,"comment_status":"closed","ping_status":"closed","template":"","meta":{"_surecart_dashboard_logo_width":"180px","_surecart_dashboard_show_logo":true,"_surecart_dashboard_navigation_orders":true,"_surecart_dashboard_navigation_invoices":true,"_surecart_dashboard_navigation_subscriptions":true,"_surecart_dashboard_navigation_downloads":true,"_surecart_dashboard_navigation_billing":true,"_surecart_dashboard_navigation_account":true,"_uag_custom_page_level_css":"","site-sidebar-layout":"default","site-content-layout":"","ast-site-content-layout":"default","site-content-style":"default","site-sidebar-style":"default","ast-global-header-display":"","ast-banner-title-visibility":"","ast-main-header-display":"","ast-hfb-above-header-display":"","ast-hfb-below-header-display":"","ast-hfb-mobile-header-display":"","site-post-title":"","ast-breadcrumbs-content":"","ast-featured-img":"","footer-sml-layout":"","ast-disable-related-posts":"","theme-transparent-header-meta":"","adv-header-id-meta":"","stick-header-meta":"","header-above-stick-meta":"","header-main-stick-meta":"","header-below-stick-meta":"","astra-migrate-meta-layouts":"set","ast-page-background-enabled":"default","ast-page-background-meta":{"desktop":{"background-color":"var(--ast-global-color-4)","background-image":"","background-repeat":"repeat","background-position":"center center","background-size":"auto","background-attachment":"scroll","background-type":"","background-media":"","overlay-type":"","overlay-color":"","overlay-opacity":"","overlay-gradient":""},"tablet":{"background-color":"","background-image":"","background-repeat":"repeat","background-position":"center center","background-size":"auto","background-attachment":"scroll","background-type":"","background-media":"","overlay-type":"","overlay-color":"","overlay-opacity":"","overlay-gradient":""},"mobile":{"background-color":"","background-image":"","background-repeat":"repeat","background-position":"center center","background-size":"auto","background-attachment":"scroll","background-type":"","background-media":"","overlay-type":"","overlay-color":"","overlay-opacity":"","overlay-gradient":""}},"ast-content-background-meta":{"desktop":{"background-color":"var(--ast-global-color-5)","background-image":"","background-repeat":"repeat","background-position":"center center","background-size":"auto","background-attachment":"scroll","background-type":"","background-media":"","overlay-type":"","overlay-color":"","overlay-opacity":"","overlay-gradient":""},"tablet":{"background-color":"var(--ast-global-color-5)","background-image":"","background-repeat":"repeat","background-position":"center center","background-size":"auto","background-attachment":"scroll","background-type":"","background-media":"","overlay-type":"","overlay-color":"","overlay-opacity":"","overlay-gradient":""},"mobile":{"background-color":"var(--ast-global-color-5)","background-image":"","background-repeat":"repeat","background-position":"center center","background-size":"auto","background-attachment":"scroll","background-type":"","background-media":"","overlay-type":"","overlay-color":"","overlay-opacity":"","overlay-gradient":""}},"footnotes":""},"class_list":["post-3197","page","type-page","status-publish","hentry"],"uagb_featured_image_src":{"full":false,"thumbnail":false,"medium":false,"medium_large":false,"large":false,"1536x1536":false,"2048x2048":false,"trp-custom-language-flag":false},"uagb_author_info":{"display_name":"John Weise","author_link":"https:\/\/fasttube.de\/de\/author\/j-weise\/"},"uagb_comment_info":0,"uagb_excerpt":"Your Attractive Heading Youth Work Pupil Apprenticeships Our pupil apprenticeships give young people a direct taste of engineering, craftsmanship, and motorsport management. Under the guidance of our team, they assist in real workshop tasks\u2014whether it\u2019s machining components, working on electronics, or helping prepare our race car for competition. It\u2019s a chance to discover new skills,&hellip;","_links":{"self":[{"href":"https:\/\/fasttube.de\/de\/wp-json\/wp\/v2\/pages\/3197","targetHints":{"allow":["GET"]}}],"collection":[{"href":"https:\/\/fasttube.de\/de\/wp-json\/wp\/v2\/pages"}],"about":[{"href":"https:\/\/fasttube.de\/de\/wp-json\/wp\/v2\/types\/page"}],"author":[{"embeddable":true,"href":"https:\/\/fasttube.de\/de\/wp-json\/wp\/v2\/users\/2"}],"replies":[{"embeddable":true,"href":"https:\/\/fasttube.de\/de\/wp-json\/wp\/v2\/comments?post=3197"}],"version-history":[{"count":2,"href":"https:\/\/fasttube.de\/de\/wp-json\/wp\/v2\/pages\/3197\/revisions"}],"predecessor-version":[{"id":4058,"href":"https:\/\/fasttube.de\/de\/wp-json\/wp\/v2\/pages\/3197\/revisions\/4058"}],"wp:attachment":[{"href":"https:\/\/fasttube.de\/de\/wp-json\/wp\/v2\/media?parent=3197"}],"curies":[{"name":"wp","href":"https:\/\/api.w.org\/{rel}","templated":true}]}}