{"id":2694,"date":"2025-08-03T19:09:31","date_gmt":"2025-08-03T19:09:31","guid":{"rendered":"http:\/\/localhost\/wordpress\/home-2\/"},"modified":"2026-04-30T18:56:22","modified_gmt":"2026-04-30T17:56:22","slug":"home","status":"publish","type":"page","link":"https:\/\/fasttube.de\/de\/","title":{"rendered":"Home"},"content":{"rendered":"<div class=\"wp-block-uagb-container uagb-block-eb258599 alignfull uagb-is-root-container\"><div class=\"uagb-container-inner-blocks-wrap\">\n<div class=\"wp-block-uagb-container uagb-block-68c1938e\">\n<div class=\"wp-block-uagb-advanced-heading uagb-block-dc596ad0 uag-hide-tab uag-hide-mob\"><div class=\"uagb-separator\"><\/div><h6 class=\"uagb-heading-text\">Your Attractive Heading<\/h6><\/div>\n<\/div>\n\n\n\n<div class=\"wp-block-uagb-container uagb-block-34cf57b7\">\n<div class=\"wp-block-uagb-advanced-heading uagb-block-a35c568f\"><h1 class=\"uagb-heading-text\">Schnell.<br>Laut.<br>Berlin.<\/h1><\/div>\n<\/div>\n\n\n\n<div class=\"wp-block-uagb-container uag-hide-tab uag-hide-mob uagb-block-176a9750\">\n<div class=\"wp-block-uagb-container uagb-block-4b64bc8a\">\n<div class=\"wp-block-uagb-icon-list uagb-block-8711dfc2\"><div class=\"uagb-icon-list__wrap\">\n<div class=\"wp-block-uagb-icon-list-child uagb-block-a8c1a13a\"><span class=\"uagb-icon-list__source-wrap\"><svg xmlns=\"https:\/\/www.w3.org\/2000\/svg\" viewbox=\"0 0 448 512\"><path d=\"M96 224C84.72 224 74.05 226.3 64 229.9V224c0-35.3 28.7-64 64-64c17.67 0 32-14.33 32-32S145.7 96 128 96C57.42 96 0 153.4 0 224v96c0 53.02 42.98 96 96 96s96-42.98 96-96S149 224 96 224zM352 224c-11.28 0-21.95 2.305-32 5.879V224c0-35.3 28.7-64 64-64c17.67 0 32-14.33 32-32s-14.33-32-32-32c-70.58 0-128 57.42-128 128v96c0 53.02 42.98 96 96 96s96-42.98 96-96S405 224 352 224z\"><\/path><\/svg><\/span><\/div>\n<\/div><\/div>\n\n\n\n<div class=\"wp-block-uagb-advanced-heading uagb-block-e3484bb1\"><h5 class=\"uagb-heading-text\">FaSTTUBe steht f\u00fcr Teamgeist, Ambition und Strom im Blut! <\/h5><\/div>\n\n\n\n<div class=\"wp-block-uagb-advanced-heading uagb-block-e36a2408\"><h6 class=\"uagb-heading-text\">Caro K<\/h6><\/div>\n\n\n\n<div class=\"wp-block-uagb-image uagb-block-302269c3 wp-block-uagb-image--layout-default wp-block-uagb-image--effect-static wp-block-uagb-image--align-none\"><figure class=\"wp-block-uagb-image__figure\"><img decoding=\"async\" srcset=\"https:\/\/fasttube.de\/wp-content\/uploads\/2025\/08\/caro-k-fake-signature-white-2.png ,https:\/\/fasttube.de\/wp-content\/uploads\/2025\/08\/caro-k-fake-signature-white-2.png 780w, https:\/\/fasttube.de\/wp-content\/uploads\/2025\/08\/caro-k-fake-signature-white-2.png 360w\" sizes=\"auto, (max-width: 480px) 150px\" src=\"https:\/\/fasttube.de\/wp-content\/uploads\/2025\/08\/caro-k-fake-signature-white-2.png\" alt=\"\" class=\"uag-image-2829\" width=\"1200\" height=\"600\" title=\"\" loading=\"lazy\" role=\"img\"\/><\/figure><\/div>\n<\/div>\n\n\n\n<div class=\"wp-block-uagb-container uag-hide-desktop uag-hide-tab uag-hide-mob uagb-block-67eb694d\">\n<div class=\"wp-block-uagb-info-box uagb-block-dcd989b1 uagb-infobox__content-wrap  uagb-infobox-icon-above-title uagb-infobox-image-valign-top wp-block-uagb-info-box--has-margin\"><div class=\"uagb-infobox-margin-wrapper\"><div class=\"uagb-ifb-content\"><div class=\"uagb-ifb-title-wrap\"><h3 class=\"uagb-ifb-title-prefix\">Meet &amp; Greet<\/h3><h5 class=\"uagb-ifb-title\">Lerne uns und unseren Arbeitsplatz kennen<\/h5><\/div><div class=\"uagb-ifb-separator\"><\/div><\/div><\/div><\/div>\n\n\n\n<p>21.04., 23.04. and 29.04 at 18:00<br>TIB 13 Gustav-Meyer-Alle 25<br>13355 Berlin<\/p>\n<\/div>\n<\/div>\n<\/div><\/div>\n\n\n\n<div class=\"wp-block-uagb-container uag-hide-desktop uagb-block-0bd2d69b alignfull uagb-is-root-container\"><div class=\"uagb-container-inner-blocks-wrap\">\n<div class=\"wp-block-uagb-container uag-hide-desktop uag-hide-tab uag-hide-mob uagb-block-38c135c6\">\n<div class=\"wp-block-uagb-info-box uagb-block-57ae816a uagb-infobox__content-wrap  uagb-infobox-icon-above-title uagb-infobox-image-valign-top wp-block-uagb-info-box--has-margin\"><div class=\"uagb-infobox-margin-wrapper\"><div class=\"uagb-ifb-content\"><div class=\"uagb-ifb-title-wrap\"><h3 class=\"uagb-ifb-title-prefix\">Meet &amp; Greet<\/h3><h5 class=\"uagb-ifb-title\">Lerne uns und unseren Arbeitsplatz kennen<\/h5><\/div><div class=\"uagb-ifb-separator\"><\/div><\/div><\/div><\/div>\n\n\n\n<p>21.04., 23.04. and 29.04 at 18:00<br>TIB 13 Gustav-Meyer-Alle 25<br>13355 Berlin<\/p>\n<\/div>\n<\/div><\/div>\n\n\n\n<div class=\"wp-block-uagb-container uagb-block-f1becc27 alignfull uagb-is-root-container\"><div class=\"uagb-container-inner-blocks-wrap\">\n<div class=\"wp-block-uagb-container uagb-block-fb00a1ea\">\n<div class=\"wp-block-uagb-info-box uagb-block-12209763 uagb-infobox__content-wrap  uagb-infobox-icon-above-title uagb-infobox-image-valign-top wp-block-uagb-info-box--has-margin\"><div class=\"uagb-infobox-margin-wrapper\"><div class=\"uagb-ifb-content\"><div class=\"uagb-ifb-title-wrap\"><h6 class=\"uagb-ifb-title-prefix\">01<\/h6><h5 class=\"uagb-ifb-title\">Was uns Antreibt<\/h5><\/div><\/div><\/div><\/div>\n<\/div>\n\n\n\n<div class=\"wp-block-uagb-container uagb-block-2a16c36b\">\n<div class=\"wp-block-uagb-info-box uagb-block-c54f6044 uagb-infobox__content-wrap  uagb-infobox-icon-above-title uagb-infobox-image-valign-top wp-block-uagb-info-box--has-margin\"><div class=\"uagb-infobox-margin-wrapper\"><div class=\"uagb-ifb-content\"><div class=\"uagb-ifb-title-wrap\"><h3 class=\"uagb-ifb-title-prefix\">Unsere Vision<\/h3><h5 class=\"uagb-ifb-title\">Innovation durch Wissen f\u00f6rdern<\/h5><\/div><div class=\"uagb-ifb-separator\"><\/div><\/div><\/div><\/div>\n\n\n\n<p>Unser Ziel ist es, die Theorie aus H\u00f6rs\u00e4len und Laboren in die Praxis zu \u00fcbertragen und dabei Ingenieurwissenschaften, Wirtschaftswissenschaften und Informatik zu kombinieren, um die Zukunft der Mobilit\u00e4t zu gestalten.<\/p>\n<\/div>\n\n\n\n<div class=\"wp-block-uagb-container uagb-block-b6264681\">\n<div class=\"wp-block-uagb-info-box uagb-block-e29f5317 uagb-infobox__content-wrap  uagb-infobox-icon-above-title uagb-infobox-image-valign-top wp-block-uagb-info-box--has-margin\"><div class=\"uagb-infobox-margin-wrapper\"><div class=\"uagb-ifb-content\"><div class=\"uagb-ifb-title-wrap\"><h3 class=\"uagb-ifb-title-prefix\">Unser Anspruch<\/h3><h5 class=\"uagb-ifb-title\">Zielstrebigkeit, durch Exzellenz definiert<\/h5><\/div><div class=\"uagb-ifb-separator\"><\/div><\/div><\/div><\/div>\n\n\n\n<p>Wir stehen f\u00fcr technische Pr\u00e4zision, kreative Probleml\u00f6sungen und ein hohes Ma\u00df an Lernbereitschaft. Jedes Projekt spiegelt unser Engagement wieder, Grenzen zu \u00fcberschreiten.<\/p>\n<\/div>\n\n\n\n<div class=\"wp-block-uagb-container uagb-block-5c793090\">\n<div class=\"wp-block-uagb-info-box uagb-block-09a9edd4 uagb-infobox__content-wrap  uagb-infobox-icon-above-title uagb-infobox-image-valign-top wp-block-uagb-info-box--has-margin\"><div class=\"uagb-infobox-margin-wrapper\"><div class=\"uagb-ifb-content\"><div class=\"uagb-ifb-title-wrap\"><h3 class=\"uagb-ifb-title-prefix\">Unser Erfolg<\/h3><h5 class=\"uagb-ifb-title\">Bew\u00e4hrte Leistung, nachhaltiger Einfluss<\/h5><\/div><div class=\"uagb-ifb-separator\"><\/div><\/div><\/div><\/div>\n\n\n\n<p>Von Podiumspl\u00e4tzen bis hin zu bahnbrechenden Prototypen sprechen unsere Ergebnisse f\u00fcr sich \u2013 basierend auf Teamarbeit, Belastbarkeit und einem unerm\u00fcdlichen Streben nach Verbesserung.<\/p>\n<\/div>\n<\/div><\/div>\n\n\n\n<div class=\"wp-block-uagb-container uagb-layout-grid uagb-block-48138d5d alignfull uagb-is-root-container\"><div class=\"uagb-container-inner-blocks-wrap\">\n<div class=\"wp-block-uagb-info-box uagb-block-50850c90 uagb-infobox__content-wrap  uagb-infobox-icon-above-title uagb-infobox-image-valign-top wp-block-uagb-info-box--has-margin\"><div class=\"uagb-infobox-margin-wrapper\"><div class=\"uagb-ifb-content\"><div class=\"uagb-ifb-title-wrap\"><h6 class=\"uagb-ifb-title-prefix\">02<\/h6><h5 class=\"uagb-ifb-title\">\u00dcber Uns<\/h5><\/div><\/div><\/div><\/div>\n\n\n\n<div class=\"wp-block-uagb-advanced-heading uagb-block-d904d867 uag-hide-tab uag-hide-mob\"><h2 class=\"uagb-heading-text\">Wer wir sind<\/h2><\/div>\n\n\n\n<div class=\"wp-block-uagb-buttons uagb-buttons__outer-wrap uagb-btn__default-btn uagb-btn-tablet__default-btn uagb-btn-mobile__default-btn uagb-block-6e3eaecc uag-hide-tab uag-hide-mob\"><div class=\"uagb-buttons__wrap uagb-buttons-layout-wrap\">\n<div class=\"wp-block-uagb-buttons-child uagb-buttons__outer-wrap uagb-block-c2d0f92e wp-block-button is-style-outline\"><div class=\"uagb-button__wrapper\"><a class=\"uagb-buttons-repeater wp-block-button__link\" aria-label=\"Click Here\" href=\"\/de\/team\/\" rel=\"follow noopener\" target=\"_self\" role=\"button\"><span class=\"uagb-button__icon uagb-button__icon-position-after\"><svg xmlns=\"https:\/\/www.w3.org\/2000\/svg\" viewbox=\"0 0 256 512\" aria-hidden=\"true\" focussable=\"false\"><path d=\"M64 448c-8.188 0-16.38-3.125-22.62-9.375c-12.5-12.5-12.5-32.75 0-45.25L178.8 256L41.38 118.6c-12.5-12.5-12.5-32.75 0-45.25s32.75-12.5 45.25 0l160 160c12.5 12.5 12.5 32.75 0 45.25l-160 160C80.38 444.9 72.19 448 64 448z\"><\/path><\/svg><\/span><\/a><\/div><\/div>\n<\/div><\/div>\n<\/div><\/div>\n\n\n\n<div class=\"wp-block-uagb-container uagb-block-1b47610a alignfull uagb-is-root-container\"><div class=\"uagb-container-inner-blocks-wrap\">\n<div class=\"wp-block-uagb-container uagb-block-486cbca5\">\n<div class=\"wp-block-uagb-advanced-heading uagb-block-dea4da72 uag-hide-tab uag-hide-mob\"><h4 class=\"uagb-heading-text\">Gebaut in Berlin. Geschaffen von Studenten. Getrieben von Leidenschaft.<\/h4><\/div>\n\n\n\n<div class=\"wp-block-uagb-advanced-heading uagb-block-93987b5b\"><p class=\"uagb-heading-text\"><strong>Wir sind FaSTTUBe<\/strong> \u2013 das Formula Student Team der TU Berlin. Seit 2005 entwerfen, bauen und fahren wir mit Leidenschaft, Pr\u00e4zision und berliner Stolz Formelautos.<br><br>Unser Team vereint Studenten aus allen Fachbereichen \u2013 Ingenieurwesen, Design, Wirtschaft und mehr \u2013, die gemeinsam daran arbeiten, die Grenzen des studentischen Motorsports zu erweitern. <br><br>F\u00fcr uns ist FaSTTUBe nicht nur ein Projekt \u2013 es ist eine Kultur des Lernens, der Teamarbeit und des Strebens, etwas Au\u00dfergew\u00f6hnliches zu schaffen.<\/p><\/div>\n<\/div>\n<\/div><\/div>\n\n\n\n<div class=\"wp-block-uagb-container uagb-layout-grid uagb-block-cbdd340f alignfull uagb-is-root-container\"><div class=\"uagb-container-inner-blocks-wrap\">\n<div class=\"wp-block-uagb-info-box uagb-block-baf77ecc uagb-infobox__content-wrap  uagb-infobox-icon-above-title uagb-infobox-image-valign-top wp-block-uagb-info-box--has-margin\"><div class=\"uagb-infobox-margin-wrapper\"><div class=\"uagb-ifb-content\"><div class=\"uagb-ifb-title-wrap\"><h6 class=\"uagb-ifb-title-prefix\">03<\/h6><h5 class=\"uagb-ifb-title\">\u00dcber FS<\/h5><\/div><\/div><\/div><\/div>\n\n\n\n<div class=\"wp-block-uagb-advanced-heading uagb-block-52173bc8 uag-hide-tab uag-hide-mob\"><h2 class=\"uagb-heading-text\">Was Formula Student ist<\/h2><\/div>\n\n\n\n<div class=\"wp-block-uagb-buttons uagb-buttons__outer-wrap uagb-btn__default-btn uagb-btn-tablet__default-btn uagb-btn-mobile__default-btn uagb-block-a687764d uag-hide-tab uag-hide-mob\"><div class=\"uagb-buttons__wrap uagb-buttons-layout-wrap\">\n<div class=\"wp-block-uagb-buttons-child uagb-buttons__outer-wrap uagb-block-c73352aa wp-block-button is-style-outline\"><div class=\"uagb-button__wrapper\"><a class=\"uagb-buttons-repeater wp-block-button__link\" aria-label=\"Click Here\" href=\"\/de\/about-formula-student\/\" rel=\"follow noopener\" target=\"_self\" role=\"button\"><span class=\"uagb-button__icon uagb-button__icon-position-after\"><svg xmlns=\"https:\/\/www.w3.org\/2000\/svg\" viewbox=\"0 0 256 512\" aria-hidden=\"true\" focussable=\"false\"><path d=\"M64 448c-8.188 0-16.38-3.125-22.62-9.375c-12.5-12.5-12.5-32.75 0-45.25L178.8 256L41.38 118.6c-12.5-12.5-12.5-32.75 0-45.25s32.75-12.5 45.25 0l160 160c12.5 12.5 12.5 32.75 0 45.25l-160 160C80.38 444.9 72.19 448 64 448z\"><\/path><\/svg><\/span><\/a><\/div><\/div>\n<\/div><\/div>\n<\/div><\/div>\n\n\n\n<div class=\"wp-block-uagb-container uagb-block-e06dd3be alignfull uagb-is-root-container\"><div class=\"uagb-container-inner-blocks-wrap\">\n<div class=\"wp-block-uagb-container uagb-block-ec05308f\">\n<div class=\"wp-block-uagb-advanced-heading uagb-block-688708f2 uag-hide-tab uag-hide-mob\"><h4 class=\"uagb-heading-text\">Wo Technik auf Adrenalin trifft \u2013 das ist mehr als nur ein Rennen.<\/h4><\/div>\n\n\n\n<div class=\"wp-block-uagb-advanced-heading uagb-block-66d29a61\"><p class=\"uagb-heading-text\"><strong>Formula Student<\/strong> ist ein internationaler Konstruktionswettbewerb, bei dem Universit\u00e4tsteams aufgefordert werden, ein Formelauto zu entwickeln, zu bauen und damit Rennen zu fahren.<br> <br>Es ist mehr als nur ein Motorsport-Event. Es ist eine Plattform f\u00fcr Studenten, um theoretisches Wissen in realen Szenarien anzuwenden und dabei Maschinenbau, Elektrotechnik und Softwaretechnik mit Gesch\u00e4ftsplanung und Projektmanagement zu kombinieren. <br><br>Die Teams werden nicht nur nach der Leistung ihrer Fahrzeuge, sondern auch nach Design, Effizienz und Innovation bewertet. Der Wettbewerb f\u00f6rdert technische Exzellenz, Teamwork und den Unternehmergeist, der die Zukunft der Mobilit\u00e4t vorantreibt.<\/p><\/div>\n<\/div>\n<\/div><\/div>\n\n\n\n<div class=\"wp-block-uagb-container uagb-layout-grid uagb-block-3a3d8e5f alignfull uagb-is-root-container\"><div class=\"uagb-container-inner-blocks-wrap\">\n<div class=\"wp-block-uagb-info-box uagb-block-63ebbdac uagb-infobox__content-wrap  uagb-infobox-icon-above-title uagb-infobox-image-valign-top wp-block-uagb-info-box--has-margin\"><div class=\"uagb-infobox-margin-wrapper\"><div class=\"uagb-ifb-content\"><div class=\"uagb-ifb-title-wrap\"><h6 class=\"uagb-ifb-title-prefix\">01<\/h6><h5 class=\"uagb-ifb-title\">Jetzt Bewerben<\/h5><\/div><\/div><\/div><\/div>\n\n\n\n<div class=\"wp-block-uagb-container uagb-block-e21d34c1\">\n<div class=\"wp-block-uagb-container uagb-block-4d0db538\">\n<div class=\"wp-block-uagb-advanced-heading uagb-block-c5c2a015\"><h2 class=\"uagb-heading-text\">Wie du einer von uns wirst<\/h2><\/div>\n\n\n\n<div class=\"wp-block-uagb-buttons uagb-buttons__outer-wrap uagb-btn__default-btn uagb-btn-tablet__default-btn uagb-btn-mobile__default-btn uagb-block-1c29f166 uag-hide-tab uag-hide-mob\"><div class=\"uagb-buttons__wrap uagb-buttons-layout-wrap\">\n<div class=\"wp-block-uagb-buttons-child uagb-buttons__outer-wrap uagb-block-439abe46 wp-block-button is-style-outline\"><div class=\"uagb-button__wrapper\"><a class=\"uagb-buttons-repeater wp-block-button__link\" aria-label=\"Click Here\" href=\"\/de\/join-us\/\" rel=\"follow noopener\" target=\"_self\" role=\"button\"><span class=\"uagb-button__icon uagb-button__icon-position-after\"><svg xmlns=\"https:\/\/www.w3.org\/2000\/svg\" viewbox=\"0 0 256 512\" aria-hidden=\"true\" focussable=\"false\"><path d=\"M64 448c-8.188 0-16.38-3.125-22.62-9.375c-12.5-12.5-12.5-32.75 0-45.25L178.8 256L41.38 118.6c-12.5-12.5-12.5-32.75 0-45.25s32.75-12.5 45.25 0l160 160c12.5 12.5 12.5 32.75 0 45.25l-160 160C80.38 444.9 72.19 448 64 448z\"><\/path><\/svg><\/span><\/a><\/div><\/div>\n<\/div><\/div>\n<\/div>\n\n\n\n<p class=\"has-ast-global-color-2-color has-text-color has-link-color wp-elements-1717e5a9194f588d91e954dc9a0eb5d5\">Wenn Du deine F\u00e4higkeiten auf die Probe stellen und etwas bauen m\u00f6chten, das tats\u00e4chlich bewegt, schlie\u00dfe dich FaSTTUBe an! Hier kommen Studierende aller Fachrichtungen zusammen, um ein elektrisches Formelauto von Grund auf zu entwerfen, zu bauen und damit Rennen zu fahren.<\/p>\n\n\n\n<p class=\"has-ast-global-color-2-color has-text-color has-link-color wp-elements-183cc04d6f582e2c2caf970f6cb9b217\">Egal, ob du dich f\u00fcr Ingenieurwesen, Design, Wirtschaft oder Projektmanagement interessierst \u2013 in unserem Team ist f\u00fcr dich der richtige Platz. Du sammelst praktische Erfahrungen, entwickelst praktische F\u00e4higkeiten und arbeitest in einem leidenschaftlichen, unterst\u00fctzenden Umfeld, in dem jeder Beitrag z\u00e4hlt.<\/p>\n\n\n\n<p class=\"has-ast-global-color-2-color has-text-color has-link-color wp-elements-e9d45a70dc83b9bc001282f48c28bff6\"><strong>Mach mit und werde Teil des spannendsten Studierendenprojekts Berlins.<\/strong><\/p>\n<\/div>\n<\/div><\/div>","protected":false},"excerpt":{"rendered":"<p>Your Attractive Heading Fast.Loud.Berlin. FaSTTUBe stands for team spirit, ambition and electricity in the blood! Caro K 21.04., 23.04. and 29.04 at 18:00TIB 13 Gustav-Meyer-Alle 2513355 Berlin 21.04., 23.04. and 29.04 at 18:00TIB 13 Gustav-Meyer-Alle 2513355 Berlin Our goal is to translate theory from lecture halls and laboratories into practice, combining engineering, economics, and computer [&hellip;]<\/p>\n","protected":false},"author":2,"featured_media":0,"parent":0,"menu_order":0,"comment_status":"closed","ping_status":"closed","template":"","meta":{"_surecart_dashboard_logo_width":"180px","_surecart_dashboard_show_logo":true,"_surecart_dashboard_navigation_orders":true,"_surecart_dashboard_navigation_invoices":true,"_surecart_dashboard_navigation_subscriptions":true,"_surecart_dashboard_navigation_downloads":true,"_surecart_dashboard_navigation_billing":true,"_surecart_dashboard_navigation_account":true,"_uag_custom_page_level_css":"","site-sidebar-layout":"default","site-content-layout":"","ast-site-content-layout":"default","site-content-style":"default","site-sidebar-style":"default","ast-global-header-display":"","ast-banner-title-visibility":"","ast-main-header-display":"","ast-hfb-above-header-display":"","ast-hfb-below-header-display":"","ast-hfb-mobile-header-display":"","site-post-title":"disabled","ast-breadcrumbs-content":"","ast-featured-img":"","footer-sml-layout":"","ast-disable-related-posts":"","theme-transparent-header-meta":"enabled","adv-header-id-meta":"","stick-header-meta":"","header-above-stick-meta":"","header-main-stick-meta":"","header-below-stick-meta":"","astra-migrate-meta-layouts":"set","ast-page-background-enabled":"default","ast-page-background-meta":{"desktop":{"background-color":"var(--ast-global-color-4)","background-image":"","background-repeat":"repeat","background-position":"center center","background-size":"auto","background-attachment":"scroll","background-type":"","background-media":"","overlay-type":"","overlay-color":"","overlay-opacity":"","overlay-gradient":""},"tablet":{"background-color":"","background-image":"","background-repeat":"repeat","background-position":"center center","background-size":"auto","background-attachment":"scroll","background-type":"","background-media":"","overlay-type":"","overlay-color":"","overlay-opacity":"","overlay-gradient":""},"mobile":{"background-color":"","background-image":"","background-repeat":"repeat","background-position":"center center","background-size":"auto","background-attachment":"scroll","background-type":"","background-media":"","overlay-type":"","overlay-color":"","overlay-opacity":"","overlay-gradient":""}},"ast-content-background-meta":{"desktop":{"background-color":"var(--ast-global-color-5)","background-image":"","background-repeat":"repeat","background-position":"center center","background-size":"auto","background-attachment":"scroll","background-type":"","background-media":"","overlay-type":"","overlay-color":"","overlay-opacity":"","overlay-gradient":""},"tablet":{"background-color":"var(--ast-global-color-5)","background-image":"","background-repeat":"repeat","background-position":"center center","background-size":"auto","background-attachment":"scroll","background-type":"","background-media":"","overlay-type":"","overlay-color":"","overlay-opacity":"","overlay-gradient":""},"mobile":{"background-color":"var(--ast-global-color-5)","background-image":"","background-repeat":"repeat","background-position":"center center","background-size":"auto","background-attachment":"scroll","background-type":"","background-media":"","overlay-type":"","overlay-color":"","overlay-opacity":"","overlay-gradient":""}},"footnotes":""},"class_list":["post-2694","page","type-page","status-publish","hentry"],"uagb_featured_image_src":{"full":false,"thumbnail":false,"medium":false,"medium_large":false,"large":false,"1536x1536":false,"2048x2048":false,"trp-custom-language-flag":false},"uagb_author_info":{"display_name":"John Weise","author_link":"https:\/\/fasttube.de\/de\/author\/j-weise\/"},"uagb_comment_info":0,"uagb_excerpt":"Your Attractive Heading Fast.Loud.Berlin. FaSTTUBe stands for team spirit, ambition and electricity in the blood! Caro K 21.04., 23.04. and 29.04 at 18:00TIB 13 Gustav-Meyer-Alle 2513355 Berlin 21.04., 23.04. and 29.04 at 18:00TIB 13 Gustav-Meyer-Alle 2513355 Berlin Our goal is to translate theory from lecture halls and laboratories into practice, combining engineering, economics, and computer&hellip;","_links":{"self":[{"href":"https:\/\/fasttube.de\/de\/wp-json\/wp\/v2\/pages\/2694","targetHints":{"allow":["GET"]}}],"collection":[{"href":"https:\/\/fasttube.de\/de\/wp-json\/wp\/v2\/pages"}],"about":[{"href":"https:\/\/fasttube.de\/de\/wp-json\/wp\/v2\/types\/page"}],"author":[{"embeddable":true,"href":"https:\/\/fasttube.de\/de\/wp-json\/wp\/v2\/users\/2"}],"replies":[{"embeddable":true,"href":"https:\/\/fasttube.de\/de\/wp-json\/wp\/v2\/comments?post=2694"}],"version-history":[{"count":3,"href":"https:\/\/fasttube.de\/de\/wp-json\/wp\/v2\/pages\/2694\/revisions"}],"predecessor-version":[{"id":4089,"href":"https:\/\/fasttube.de\/de\/wp-json\/wp\/v2\/pages\/2694\/revisions\/4089"}],"wp:attachment":[{"href":"https:\/\/fasttube.de\/de\/wp-json\/wp\/v2\/media?parent=2694"}],"curies":[{"name":"wp","href":"https:\/\/api.w.org\/{rel}","templated":true}]}}